{"id":291,"date":"2025-06-22T22:35:10","date_gmt":"2025-06-22T22:35:10","guid":{"rendered":"https:\/\/rceeducacion.com.ar\/wordpress\/?page_id=291"},"modified":"2025-06-22T23:23:54","modified_gmt":"2025-06-22T23:23:54","slug":"modulo-5-2","status":"publish","type":"page","link":"https:\/\/rceeducacion.com.ar\/wordpress\/?page_id=291","title":{"rendered":"M\u00f3dulo 5"},"content":{"rendered":"\n<div class=\"wp-block-uagb-buttons uagb-buttons__outer-wrap uagb-btn__small-btn uagb-btn-tablet__default-btn uagb-btn-mobile__default-btn uagb-block-f73a3e43\"><div class=\"uagb-buttons__wrap uagb-buttons-layout-wrap \">\n<div class=\"wp-block-uagb-buttons-child uagb-buttons__outer-wrap uagb-block-e6ca9f77 wp-block-button\"><div class=\"uagb-button__wrapper\"><a class=\"uagb-buttons-repeater wp-block-button__link\" aria-label=\"\" href=\"https:\/\/rceeducacion.com.ar\/wordpress\/?page_id=297\" rel=\"follow noopener\" target=\"_blank\" role=\"button\"><div class=\"uagb-button__link\">Modulo 6<\/div><\/a><\/div><\/div>\n\n\n\n<div class=\"wp-block-uagb-buttons-child uagb-buttons__outer-wrap uagb-block-a1d79638 wp-block-button\"><div class=\"uagb-button__wrapper\"><a class=\"uagb-buttons-repeater wp-block-button__link\" aria-label=\"\" href=\"https:\/\/rceeducacion.com.ar\/wordpress\/\" rel=\"follow noopener\" target=\"_blank\" role=\"button\"><div class=\"uagb-button__link\">Todos<\/div><\/a><\/div><\/div>\n<\/div><\/div>\n\n\n\n<div class=\"wp-block-uagb-container uagb-block-7b3357ca alignfull uagb-is-root-container\"><div class=\"uagb-container-inner-blocks-wrap\">\n<div class=\"wp-block-uagb-container uagb-block-79b3bac6\">\n<div class=\"wp-block-fv-player-gutenberg-basic\"><div id=\"wpfp_99de91717e743e742de7d330bb355f3a\" data-item=\"{&quot;sources&quot;:[{&quot;src&quot;:&quot;https:\\\/\\\/youtu.be\\\/A0PykvpBod8&quot;,&quot;type&quot;:&quot;video\\\/youtube&quot;}],&quot;id&quot;:&quot;17&quot;,&quot;splash&quot;:&quot;https:\\\/\\\/i.ytimg.com\\\/vi\\\/A0PykvpBod8\\\/maxresdefault.jpg#auto&quot;}\" class=\"flowplayer no-brand is-splash is-paused skin-slim no-svg fp-slim fp-edgy is-youtube\" data-fv-embed=\"https:\/\/rceeducacion.com.ar\/wordpress\/?page_id=291&amp;fv_player_embed=fvp-17\" style=\"position:relative; max-width: 640px; max-height: 360px; \" data-ratio=\"0.5625\" data-player-id=\"17\" data-engine=\"fvyoutube\">\n\t<div class=\"fp-ratio\" style=\"padding-top: 56.25%\"><\/div>\n\t<img decoding=\"async\" class=\"fp-splash\" alt=\"video\" src=\"https:\/\/i.ytimg.com\/vi\/A0PykvpBod8\/maxresdefault.jpg#auto\" style=\"position:absolute;top:0;width:100%\" \/>\n\t<div class=\"fp-ui\"><noscript>Please enable JavaScript<\/noscript><div class=\"fp-play fp-visible\"><svg class=\"fp-play-sharp-fill\" xmlns=\"http:\/\/www.w3.org\/2000\/svg\" viewBox=\"0 0 100 100\"><defs><style>.fp-color-play{opacity:0.65;}.controlbutton{fill:#fff;}<\/style><\/defs><title>play-sharp-fill<\/title><path class=\"fp-color-play\" d=\"M49.9217-.078a50,50,0,1,0,50,50A50.0564,50.0564,0,0,0,49.9217-.078Z\"\/><polygon class=\"controlbutton\" points=\"73.601 50 37.968 70.573 37.968 29.427 73.601 50\" filter=\"url(#f1)\"\/><\/svg><\/div><div class=\"fp-preload\"><b><\/b><b><\/b><b><\/b><b><\/b><\/div><\/div>\n<div class='fvp-share-bar'><ul class=\"fvp-sharing\">\r\n    <li><a class=\"sharing-facebook\" href=\"https:\/\/www.facebook.com\/sharer\/sharer.php?u=https%3A%2F%2Frceeducacion.com.ar%2Fwordpress%2F%3Fpage_id%3D291\" target=\"_blank\"><\/a><\/li>\r\n    <li><a class=\"sharing-twitter\" href=\"https:\/\/twitter.com\/intent\/tweet?text=Radio+Cromo+educaci%C3%B3n+&url=https%3A%2F%2Frceeducacion.com.ar%2Fwordpress%2F%3Fpage_id%3D291\" target=\"_blank\"><\/a><\/li>\r\n    <li><a class=\"sharing-email\" href=\"mailto:?body=Check%20out%20the%20amazing%20video%20here%3A%20https%3A%2F%2Frceeducacion.com.ar%2Fwordpress%2F%3Fpage_id%3D291\" target=\"_blank\"><\/a><\/li><\/ul><div><a class=\"sharing-link\" href=\"https:\/\/rceeducacion.com.ar\/wordpress\/?page_id=291\" target=\"_blank\">Link<\/a><\/div><div><label><a class=\"embed-code-toggle\" href=\"#\"><strong>Embed<\/strong><\/a><\/label><\/div><div class=\"embed-code\"><label>Copy and paste this HTML code into your webpage to embed.<\/label><textarea><\/textarea><\/div><\/div>\n<\/div>\n<\/div>\n\n\n\n<div class=\"wp-block-uagb-advanced-heading uagb-block-62e27990\"><h2 class=\"uagb-heading-text\">Parte uno <\/h2><\/div>\n<\/div>\n\n\n\n<div class=\"wp-block-uagb-container uagb-block-c28d0e3e\">\n<div class=\"wp-block-fv-player-gutenberg-basic\"><div id=\"wpfp_0bfbb9202a6971aceaab52febb1c9407\" data-item=\"{&quot;sources&quot;:[{&quot;src&quot;:&quot;https:\\\/\\\/youtu.be\\\/GZBf2PRFCnk&quot;,&quot;type&quot;:&quot;video\\\/youtube&quot;}],&quot;id&quot;:&quot;18&quot;,&quot;splash&quot;:&quot;https:\\\/\\\/i.ytimg.com\\\/vi\\\/GZBf2PRFCnk\\\/maxresdefault.jpg#auto&quot;}\" class=\"flowplayer no-brand is-splash is-paused skin-slim no-svg fp-slim fp-edgy is-youtube\" data-fv-embed=\"https:\/\/rceeducacion.com.ar\/wordpress\/?page_id=291&amp;fv_player_embed=fvp-18\" style=\"position:relative; max-width: 640px; max-height: 360px; \" data-ratio=\"0.5625\" data-player-id=\"18\" data-engine=\"fvyoutube\">\n\t<div class=\"fp-ratio\" style=\"padding-top: 56.25%\"><\/div>\n\t<img decoding=\"async\" class=\"fp-splash\" alt=\"video\" src=\"https:\/\/i.ytimg.com\/vi\/GZBf2PRFCnk\/maxresdefault.jpg#auto\" style=\"position:absolute;top:0;width:100%\" \/>\n\t<div class=\"fp-ui\"><noscript>Please enable JavaScript<\/noscript><div class=\"fp-play fp-visible\"><svg class=\"fp-play-sharp-fill\" xmlns=\"http:\/\/www.w3.org\/2000\/svg\" viewBox=\"0 0 100 100\"><defs><style>.fp-color-play{opacity:0.65;}.controlbutton{fill:#fff;}<\/style><\/defs><title>play-sharp-fill<\/title><path class=\"fp-color-play\" d=\"M49.9217-.078a50,50,0,1,0,50,50A50.0564,50.0564,0,0,0,49.9217-.078Z\"\/><polygon class=\"controlbutton\" points=\"73.601 50 37.968 70.573 37.968 29.427 73.601 50\" filter=\"url(#f1)\"\/><\/svg><\/div><div class=\"fp-preload\"><b><\/b><b><\/b><b><\/b><b><\/b><\/div><\/div>\n<div class='fvp-share-bar'><ul class=\"fvp-sharing\">\r\n    <li><a class=\"sharing-facebook\" href=\"https:\/\/www.facebook.com\/sharer\/sharer.php?u=https%3A%2F%2Frceeducacion.com.ar%2Fwordpress%2F%3Fpage_id%3D291\" target=\"_blank\"><\/a><\/li>\r\n    <li><a class=\"sharing-twitter\" href=\"https:\/\/twitter.com\/intent\/tweet?text=Radio+Cromo+educaci%C3%B3n+&url=https%3A%2F%2Frceeducacion.com.ar%2Fwordpress%2F%3Fpage_id%3D291\" target=\"_blank\"><\/a><\/li>\r\n    <li><a class=\"sharing-email\" href=\"mailto:?body=Check%20out%20the%20amazing%20video%20here%3A%20https%3A%2F%2Frceeducacion.com.ar%2Fwordpress%2F%3Fpage_id%3D291\" target=\"_blank\"><\/a><\/li><\/ul><div><a class=\"sharing-link\" href=\"https:\/\/rceeducacion.com.ar\/wordpress\/?page_id=291\" target=\"_blank\">Link<\/a><\/div><div><label><a class=\"embed-code-toggle\" href=\"#\"><strong>Embed<\/strong><\/a><\/label><\/div><div class=\"embed-code\"><label>Copy and paste this HTML code into your webpage to embed.<\/label><textarea><\/textarea><\/div><\/div>\n<\/div>\n<\/div>\n\n\n\n<div class=\"wp-block-uagb-advanced-heading uagb-block-ec476906\"><h2 class=\"uagb-heading-text\">Parte dos<\/h2><\/div>\n<\/div>\n<\/div><\/div>\n\n\n\n<div class=\"wp-block-columns is-layout-flex wp-container-core-columns-is-layout-28f84493 wp-block-columns-is-layout-flex\">\n<div class=\"wp-block-column is-layout-flow wp-block-column-is-layout-flow\" style=\"flex-basis:50%\">\n<div class=\"wp-block-uagb-container uagb-block-f90fb335 alignfull uagb-is-root-container\"><div class=\"uagb-container-inner-blocks-wrap\">\n<div class=\"wp-block-uagb-container uagb-block-787e3d75\">\n<div class=\"wp-block-fv-player-gutenberg-basic\"><div id=\"wpfp_fca8fa3571fad21a96b0488a50f3a3a7\" data-item=\"{&quot;sources&quot;:[{&quot;src&quot;:&quot;https:\\\/\\\/youtu.be\\\/GTt4rhw4jOs&quot;,&quot;type&quot;:&quot;video\\\/youtube&quot;}],&quot;id&quot;:&quot;19&quot;,&quot;splash&quot;:&quot;https:\\\/\\\/i.ytimg.com\\\/vi\\\/GTt4rhw4jOs\\\/maxresdefault.jpg#auto&quot;}\" class=\"flowplayer no-brand is-splash is-paused skin-slim no-svg fp-slim fp-edgy is-youtube\" data-fv-embed=\"https:\/\/rceeducacion.com.ar\/wordpress\/?page_id=291&amp;fv_player_embed=fvp-19\" style=\"position:relative; max-width: 640px; max-height: 360px; \" data-ratio=\"0.5625\" data-player-id=\"19\" data-engine=\"fvyoutube\">\n\t<div class=\"fp-ratio\" style=\"padding-top: 56.25%\"><\/div>\n\t<img decoding=\"async\" class=\"fp-splash\" alt=\"video\" src=\"https:\/\/i.ytimg.com\/vi\/GTt4rhw4jOs\/maxresdefault.jpg#auto\" style=\"position:absolute;top:0;width:100%\" \/>\n\t<div class=\"fp-ui\"><noscript>Please enable JavaScript<\/noscript><div class=\"fp-play fp-visible\"><svg class=\"fp-play-sharp-fill\" xmlns=\"http:\/\/www.w3.org\/2000\/svg\" viewBox=\"0 0 100 100\"><defs><style>.fp-color-play{opacity:0.65;}.controlbutton{fill:#fff;}<\/style><\/defs><title>play-sharp-fill<\/title><path class=\"fp-color-play\" d=\"M49.9217-.078a50,50,0,1,0,50,50A50.0564,50.0564,0,0,0,49.9217-.078Z\"\/><polygon class=\"controlbutton\" points=\"73.601 50 37.968 70.573 37.968 29.427 73.601 50\" filter=\"url(#f1)\"\/><\/svg><\/div><div class=\"fp-preload\"><b><\/b><b><\/b><b><\/b><b><\/b><\/div><\/div>\n<div class='fvp-share-bar'><ul class=\"fvp-sharing\">\r\n    <li><a class=\"sharing-facebook\" href=\"https:\/\/www.facebook.com\/sharer\/sharer.php?u=https%3A%2F%2Frceeducacion.com.ar%2Fwordpress%2F%3Fpage_id%3D291\" target=\"_blank\"><\/a><\/li>\r\n    <li><a class=\"sharing-twitter\" href=\"https:\/\/twitter.com\/intent\/tweet?text=Radio+Cromo+educaci%C3%B3n+&url=https%3A%2F%2Frceeducacion.com.ar%2Fwordpress%2F%3Fpage_id%3D291\" target=\"_blank\"><\/a><\/li>\r\n    <li><a class=\"sharing-email\" href=\"mailto:?body=Check%20out%20the%20amazing%20video%20here%3A%20https%3A%2F%2Frceeducacion.com.ar%2Fwordpress%2F%3Fpage_id%3D291\" target=\"_blank\"><\/a><\/li><\/ul><div><a class=\"sharing-link\" href=\"https:\/\/rceeducacion.com.ar\/wordpress\/?page_id=291\" target=\"_blank\">Link<\/a><\/div><div><label><a class=\"embed-code-toggle\" href=\"#\"><strong>Embed<\/strong><\/a><\/label><\/div><div class=\"embed-code\"><label>Copy and paste this HTML code into your webpage to embed.<\/label><textarea><\/textarea><\/div><\/div>\n<\/div>\n<\/div>\n\n\n\n<div class=\"wp-block-uagb-advanced-heading uagb-block-7a4924c1\"><h2 class=\"uagb-heading-text\">Parte tres<\/h2><\/div>\n<\/div>\n<\/div><\/div>\n<\/div>\n\n\n\n<div class=\"wp-block-column is-layout-flow wp-block-column-is-layout-flow\" style=\"flex-basis:50%\"><\/div>\n<\/div>\n\n\n\n<hr class=\"wp-block-separator has-alpha-channel-opacity\"\/>\n\n\n\n<div class=\"wp-block-uagb-container uagb-block-20445892 alignfull uagb-is-root-container\"><div class=\"uagb-container-inner-blocks-wrap\">\n<div class=\"wp-block-columns alignfull are-vertically-aligned-top is-layout-flex wp-container-core-columns-is-layout-28f84493 wp-block-columns-is-layout-flex\">\n<div class=\"wp-block-column is-vertically-aligned-top is-layout-flow wp-block-column-is-layout-flow\" style=\"flex-basis:100%\">\n<div class=\"wp-block-group is-nowrap is-layout-flex wp-container-core-group-is-layout-6c531013 wp-block-group-is-layout-flex\">\n<div class=\"wp-block-uagb-image alignleft uagb-block-dc91d160 wp-block-uagb-image--layout-default wp-block-uagb-image--effect-static wp-block-uagb-image--align-left\"><figure class=\"wp-block-uagb-image__figure\"><img decoding=\"async\" srcset=\"https:\/\/rceeducacion.com.ar\/wordpress\/wp-content\/uploads\/2025\/06\/singer-2023-11-27-05-37-12-utc-300x200.jpg ,http:\/\/rceeducacion.com.ar\/wordpress\/wp-content\/uploads\/2025\/06\/singer-2023-11-27-05-37-12-utc.jpg 780w, http:\/\/rceeducacion.com.ar\/wordpress\/wp-content\/uploads\/2025\/06\/singer-2023-11-27-05-37-12-utc.jpg 360w\" sizes=\"auto, (max-width: 480px) 150px\" src=\"https:\/\/rceeducacion.com.ar\/wordpress\/wp-content\/uploads\/2025\/06\/singer-2023-11-27-05-37-12-utc-300x200.jpg\" alt=\"\" class=\"uag-image-223\" width=\"289\" height=\"127\" title=\"singer-2023-11-27-05-37-12-utc\" loading=\"lazy\" role=\"img\"\/><\/figure><\/div>\n\n\n\n<div class=\"wp-block-uagb-advanced-heading uagb-block-c409db23\"><h3 class=\"uagb-heading-text\"><strong>C\u00d3MO ENFRENTAR LOS NERVIOS&nbsp; DE HABLAR EN P\u00daBLICO<\/strong><\/h3><\/div>\n<\/div>\n\n\n\n<div class=\"wp-block-columns is-layout-flex wp-container-core-columns-is-layout-28f84493 wp-block-columns-is-layout-flex\">\n<div class=\"wp-block-column is-layout-flow wp-block-column-is-layout-flow\" style=\"flex-basis:100%\">\n<h5 class=\"wp-block-heading\">EJERCICIO 1 &#8211; ELEVATOR PITCH<\/h5>\n\n\n\n<p style=\"margin-top:var(--wp--preset--spacing--20);margin-right:0;margin-bottom:var(--wp--preset--spacing--20);margin-left:0\">Elevator Pitch: Charla de venta 2 minutos que uno podr\u00eda tener en un ascensor.<br>El juego consiste en imaginar que uno se encuentra con su jefe en el ascensor y tiene la oportunidad de presentarle\/venderle una idea\/proyecto en lo que dure el viaje desde planta baja al piso 10 (2 minutos). Pod\u00e9s pedir la ayuda de un amig@ para que haga el rol de jefe. El contenido deber\u00eda ser el siguiente:<\/p>\n\n\n\n<ol class=\"wp-block-list\">\n<li>Presentaci\u00f3n personal<\/li>\n\n\n\n<li>Contar la idea en una frase. La idea debe resolver alg\u00fan problema\/deficiencia\/dolor que pudiste observar en los clientes\/consumidores.<\/li>\n\n\n\n<li>En qu\u00e9 formato se podr\u00eda concretar esa idea? \u00bfHay que modificar un producto, ofrecer un servicio nuevo o alg\u00fan enfoque innovador de la empresa?<\/li>\n\n\n\n<li>Establecer plazos, estrategia de lanzamiento, pros y contras, etc<\/li>\n\n\n\n<li>Call to action: Una vez que el jefe se muestra interesado en la idea, deber\u00e1s mostrarte activo para avanzar en la concreci\u00f3n. Por ejemplo: Decir que le llevar\u00e1s una carpeta con todos los n\u00fameros y el an\u00e1lisis del mercado\u2026 O que concertar\u00e1s un horario de reuni\u00f3n con la secretaria para seguir avanzando.<\/li>\n<\/ol>\n\n\n\n<p>Luego de hacer el ejercicio, pueden cambiar roles con tu amig@ y despu\u00e9s compartir las sensaciones y hacer una cr\u00edtica constructiva del desempe\u00f1o de cada uno.<\/p>\n<\/div>\n<\/div>\n<\/div>\n\n\n\n<div class=\"wp-block-column is-vertically-aligned-top is-layout-flow wp-block-column-is-layout-flow\" style=\"flex-basis:100%\">\n<div class=\"wp-block-columns is-layout-flex wp-container-core-columns-is-layout-28f84493 wp-block-columns-is-layout-flex\">\n<div class=\"wp-block-column is-layout-flow wp-block-column-is-layout-flow\" style=\"flex-basis:100%\">\n<p><\/p>\n\n\n\n<div style=\"height:82px\" aria-hidden=\"true\" class=\"wp-block-spacer\"><\/div>\n\n\n\n<h5 class=\"wp-block-heading\">EJERCICIO 2 &#8211; LA CAJA M\u00c1GICA<\/h5>\n\n\n\n<p style=\"margin-top:var(--wp--preset--spacing--20);margin-right:0;margin-bottom:var(--wp--preset--spacing--20);margin-left:0\">El juego consiste en que un@ compa\u00f1er@\/amig@\/familiar guarde objetos cotidianos en una caja sin que puedas verlos. Tu rol en este caso ser\u00e1 el del vendedor. La idea es que simules entrar a un negocio y que metas la mano en la caja y te pongas a vender inmediatamente cualquier objeto que aparezca, sin tener tiempo de pensar. Al principio parecer\u00e1 dif\u00edcil pero con la pr\u00e1ctica lograr\u00e1s divertirte y mejorar tus habilidades de venta.<\/p>\n\n\n\n<p style=\"margin-top:var(--wp--preset--spacing--20);margin-right:0;margin-bottom:var(--wp--preset--spacing--20);margin-left:0\">\u00bfQu\u00e9 es ese objeto? \u00bfDe qu\u00e9 material est\u00e1 hecho? Puedes inventarle alg\u00fan nombre de fantas\u00eda. Por ejemplo: Destormix 2000. ( Un destornillador que se adapta a cualquier tornillo)<\/p>\n\n\n\n<p>\u00bfPara qu\u00e9 sirve? \u00bfQu\u00e9 dificultad resuelve?<\/p>\n\n\n\n<p>\u00bfEn qu\u00e9 se diferencia de la competencia? \u00bfPor qu\u00e9 es un objeto revolucionario\/innovador?<\/p>\n\n\n\n<p style=\"margin-top:var(--wp--preset--spacing--20);margin-right:0;margin-bottom:var(--wp--preset--spacing--20);margin-left:0\">\u00bfCu\u00e1l es el precio? Puedes inventar alguna promoci\u00f3n, dejarle el producto para probar. El objetivo es que el comprador lo acepte.<\/p>\n<\/div>\n<\/div>\n<\/div>\n<\/div>\n<\/div><\/div>\n\n\n\n<div class=\"wp-block-uagb-container uagb-block-6122c8ba alignfull uagb-is-root-container\"><div class=\"uagb-container-inner-blocks-wrap\"><\/div><\/div>\n\n\n\n<div class=\"wp-block-uagb-container uagb-block-866b3b93 alignfull uagb-is-root-container\"><div class=\"uagb-container-inner-blocks-wrap\">\n<hr class=\"wp-block-separator has-alpha-channel-opacity\"\/>\n<\/div><\/div>\n\n\n\n<p><\/p>\n","protected":false},"excerpt":{"rendered":"<p>Parte uno Parte dos Parte tres C\u00d3MO ENFRENTAR LOS NERVIOS&nbsp; DE HABLAR EN P\u00daBLICO EJERCICIO 1 &#8211; ELEVATOR PITCH Elevator [&hellip;]<\/p>\n","protected":false},"author":1,"featured_media":0,"parent":0,"menu_order":0,"comment_status":"closed","ping_status":"closed","template":"admin-only-template.php","meta":{"_uag_custom_page_level_css":"","site-sidebar-layout":"default","site-content-layout":"","ast-site-content-layout":"full-width-container","site-content-style":"unboxed","site-sidebar-style":"default","ast-global-header-display":"disabled","ast-banner-title-visibility":"disabled","ast-main-header-display":"","ast-hfb-above-header-display":"","ast-hfb-below-header-display":"","ast-hfb-mobile-header-display":"","site-post-title":"","ast-breadcrumbs-content":"","ast-featured-img":"","footer-sml-layout":"disabled","theme-transparent-header-meta":"","adv-header-id-meta":"","stick-header-meta":"","header-above-stick-meta":"","header-main-stick-meta":"","header-below-stick-meta":"","astra-migrate-meta-layouts":"default","ast-page-background-enabled":"default","ast-page-background-meta":{"desktop":{"background-color":"var(--ast-global-color-5)","background-image":"","background-repeat":"repeat","background-position":"center center","background-size":"auto","background-attachment":"scroll","background-type":"","background-media":"","overlay-type":"","overlay-color":"","overlay-opacity":"","overlay-gradient":""},"tablet":{"background-color":"","background-image":"","background-repeat":"repeat","background-position":"center center","background-size":"auto","background-attachment":"scroll","background-type":"","background-media":"","overlay-type":"","overlay-color":"","overlay-opacity":"","overlay-gradient":""},"mobile":{"background-color":"","background-image":"","background-repeat":"repeat","background-position":"center center","background-size":"auto","background-attachment":"scroll","background-type":"","background-media":"","overlay-type":"","overlay-color":"","overlay-opacity":"","overlay-gradient":""}},"ast-content-background-meta":{"desktop":{"background-color":"var(--ast-global-color-4)","background-image":"","background-repeat":"repeat","background-position":"center center","background-size":"auto","background-attachment":"scroll","background-type":"","background-media":"","overlay-type":"","overlay-color":"","overlay-opacity":"","overlay-gradient":""},"tablet":{"background-color":"var(--ast-global-color-4)","background-image":"","background-repeat":"repeat","background-position":"center center","background-size":"auto","background-attachment":"scroll","background-type":"","background-media":"","overlay-type":"","overlay-color":"","overlay-opacity":"","overlay-gradient":""},"mobile":{"background-color":"var(--ast-global-color-4)","background-image":"","background-repeat":"repeat","background-position":"center center","background-size":"auto","background-attachment":"scroll","background-type":"","background-media":"","overlay-type":"","overlay-color":"","overlay-opacity":"","overlay-gradient":""}},"footnotes":""},"class_list":["post-291","page","type-page","status-publish","hentry"],"uagb_featured_image_src":{"full":false,"thumbnail":false,"medium":false,"medium_large":false,"large":false,"1536x1536":false,"2048x2048":false},"uagb_author_info":{"display_name":"admin","author_link":"https:\/\/rceeducacion.com.ar\/wordpress\/?author=1"},"uagb_comment_info":0,"uagb_excerpt":"Parte uno Parte dos Parte tres C\u00d3MO ENFRENTAR LOS NERVIOS&nbsp; DE HABLAR EN P\u00daBLICO EJERCICIO 1 &#8211; ELEVATOR PITCH Elevator [&hellip;]","_links":{"self":[{"href":"https:\/\/rceeducacion.com.ar\/wordpress\/index.php?rest_route=\/wp\/v2\/pages\/291","targetHints":{"allow":["GET"]}}],"collection":[{"href":"https:\/\/rceeducacion.com.ar\/wordpress\/index.php?rest_route=\/wp\/v2\/pages"}],"about":[{"href":"https:\/\/rceeducacion.com.ar\/wordpress\/index.php?rest_route=\/wp\/v2\/types\/page"}],"author":[{"embeddable":true,"href":"https:\/\/rceeducacion.com.ar\/wordpress\/index.php?rest_route=\/wp\/v2\/users\/1"}],"replies":[{"embeddable":true,"href":"https:\/\/rceeducacion.com.ar\/wordpress\/index.php?rest_route=%2Fwp%2Fv2%2Fcomments&post=291"}],"version-history":[{"count":4,"href":"https:\/\/rceeducacion.com.ar\/wordpress\/index.php?rest_route=\/wp\/v2\/pages\/291\/revisions"}],"predecessor-version":[{"id":319,"href":"https:\/\/rceeducacion.com.ar\/wordpress\/index.php?rest_route=\/wp\/v2\/pages\/291\/revisions\/319"}],"wp:attachment":[{"href":"https:\/\/rceeducacion.com.ar\/wordpress\/index.php?rest_route=%2Fwp%2Fv2%2Fmedia&parent=291"}],"curies":[{"name":"wp","href":"https:\/\/api.w.org\/{rel}","templated":true}]}}