{"id":297,"date":"2025-06-22T22:52:11","date_gmt":"2025-06-22T22:52:11","guid":{"rendered":"https:\/\/rceeducacion.com.ar\/wordpress\/?page_id=297"},"modified":"2025-06-22T23:25:10","modified_gmt":"2025-06-22T23:25:10","slug":"modulo-6-3","status":"publish","type":"page","link":"https:\/\/rceeducacion.com.ar\/wordpress\/?page_id=297","title":{"rendered":"M\u00f3dulo 6"},"content":{"rendered":"\n<div class=\"wp-block-uagb-buttons uagb-buttons__outer-wrap uagb-btn__small-btn uagb-btn-tablet__default-btn uagb-btn-mobile__default-btn uagb-block-f73a3e43\"><div class=\"uagb-buttons__wrap uagb-buttons-layout-wrap \">\n<div class=\"wp-block-uagb-buttons-child uagb-buttons__outer-wrap uagb-block-e6ca9f77 wp-block-button\"><div class=\"uagb-button__wrapper\"><a class=\"uagb-buttons-repeater wp-block-button__link\" aria-label=\"\" href=\"https:\/\/rceeducacion.com.ar\/wordpress\/?page_id=299\" rel=\"follow noopener\" target=\"_blank\" role=\"button\"><div class=\"uagb-button__link\">Reflexi\u00f3n final<\/div><\/a><\/div><\/div>\n\n\n\n<div class=\"wp-block-uagb-buttons-child uagb-buttons__outer-wrap uagb-block-a1d79638 wp-block-button\"><div class=\"uagb-button__wrapper\"><a class=\"uagb-buttons-repeater wp-block-button__link\" aria-label=\"\" href=\"https:\/\/rceeducacion.com.ar\/wordpress\/\" rel=\"follow noopener\" target=\"_blank\" role=\"button\"><div class=\"uagb-button__link\">Todos<\/div><\/a><\/div><\/div>\n<\/div><\/div>\n\n\n\n<div class=\"wp-block-uagb-container uagb-block-7b3357ca alignfull uagb-is-root-container\"><div class=\"uagb-container-inner-blocks-wrap\">\n<div class=\"wp-block-uagb-container uagb-block-79b3bac6\">\n<div class=\"wp-block-fv-player-gutenberg-basic\"><div id=\"wpfp_5d5bda364850e81dc9642a5c1664003b\" data-item=\"{&quot;sources&quot;:[{&quot;src&quot;:&quot;https:\\\/\\\/youtu.be\\\/PbG_tAYCcfI&quot;,&quot;type&quot;:&quot;video\\\/youtube&quot;}],&quot;id&quot;:&quot;20&quot;,&quot;splash&quot;:&quot;https:\\\/\\\/i.ytimg.com\\\/vi\\\/PbG_tAYCcfI\\\/maxresdefault.jpg#auto&quot;}\" class=\"flowplayer no-brand is-splash is-paused skin-slim no-svg fp-slim fp-edgy is-youtube\" data-fv-embed=\"https:\/\/rceeducacion.com.ar\/wordpress\/?page_id=297&amp;fv_player_embed=fvp-20\" style=\"position:relative; max-width: 640px; max-height: 360px; \" data-ratio=\"0.5625\" data-player-id=\"20\" data-engine=\"fvyoutube\">\n\t<div class=\"fp-ratio\" style=\"padding-top: 56.25%\"><\/div>\n\t<img decoding=\"async\" class=\"fp-splash\" alt=\"video\" src=\"https:\/\/i.ytimg.com\/vi\/PbG_tAYCcfI\/maxresdefault.jpg#auto\" style=\"position:absolute;top:0;width:100%\" \/>\n\t<div class=\"fp-ui\"><noscript>Please enable JavaScript<\/noscript><div class=\"fp-play fp-visible\"><svg class=\"fp-play-sharp-fill\" xmlns=\"http:\/\/www.w3.org\/2000\/svg\" viewBox=\"0 0 100 100\"><defs><style>.fp-color-play{opacity:0.65;}.controlbutton{fill:#fff;}<\/style><\/defs><title>play-sharp-fill<\/title><path class=\"fp-color-play\" d=\"M49.9217-.078a50,50,0,1,0,50,50A50.0564,50.0564,0,0,0,49.9217-.078Z\"\/><polygon class=\"controlbutton\" points=\"73.601 50 37.968 70.573 37.968 29.427 73.601 50\" filter=\"url(#f1)\"\/><\/svg><\/div><div class=\"fp-preload\"><b><\/b><b><\/b><b><\/b><b><\/b><\/div><\/div>\n<div class='fvp-share-bar'><ul class=\"fvp-sharing\">\r\n    <li><a class=\"sharing-facebook\" href=\"https:\/\/www.facebook.com\/sharer\/sharer.php?u=https%3A%2F%2Frceeducacion.com.ar%2Fwordpress%2F%3Fpage_id%3D297\" target=\"_blank\"><\/a><\/li>\r\n    <li><a class=\"sharing-twitter\" href=\"https:\/\/twitter.com\/intent\/tweet?text=Radio+Cromo+educaci%C3%B3n+&url=https%3A%2F%2Frceeducacion.com.ar%2Fwordpress%2F%3Fpage_id%3D297\" target=\"_blank\"><\/a><\/li>\r\n    <li><a class=\"sharing-email\" href=\"mailto:?body=Check%20out%20the%20amazing%20video%20here%3A%20https%3A%2F%2Frceeducacion.com.ar%2Fwordpress%2F%3Fpage_id%3D297\" target=\"_blank\"><\/a><\/li><\/ul><div><a class=\"sharing-link\" href=\"https:\/\/rceeducacion.com.ar\/wordpress\/?page_id=297\" target=\"_blank\">Link<\/a><\/div><div><label><a class=\"embed-code-toggle\" href=\"#\"><strong>Embed<\/strong><\/a><\/label><\/div><div class=\"embed-code\"><label>Copy and paste this HTML code into your webpage to embed.<\/label><textarea><\/textarea><\/div><\/div>\n<\/div>\n<\/div>\n\n\n\n<div class=\"wp-block-uagb-advanced-heading uagb-block-62e27990\"><h2 class=\"uagb-heading-text\">Parte uno <\/h2><\/div>\n<\/div>\n\n\n\n<div class=\"wp-block-uagb-container uagb-block-c28d0e3e\">\n<div class=\"wp-block-fv-player-gutenberg-basic\"><div id=\"wpfp_777445276fcfaf17a9183e79b7737217\" data-item=\"{&quot;sources&quot;:[{&quot;src&quot;:&quot;https:\\\/\\\/youtu.be\\\/2sGFynDrM7M&quot;,&quot;type&quot;:&quot;video\\\/youtube&quot;}],&quot;id&quot;:&quot;22&quot;,&quot;splash&quot;:&quot;https:\\\/\\\/i.ytimg.com\\\/vi\\\/2sGFynDrM7M\\\/maxresdefault.jpg#auto&quot;}\" class=\"flowplayer no-brand is-splash is-paused skin-slim no-svg fp-slim fp-edgy is-youtube\" data-fv-embed=\"https:\/\/rceeducacion.com.ar\/wordpress\/?page_id=297&amp;fv_player_embed=fvp-22\" style=\"position:relative; max-width: 640px; max-height: 360px; \" data-ratio=\"0.5625\" data-player-id=\"22\" data-engine=\"fvyoutube\">\n\t<div class=\"fp-ratio\" style=\"padding-top: 56.25%\"><\/div>\n\t<img decoding=\"async\" class=\"fp-splash\" alt=\"video\" src=\"https:\/\/i.ytimg.com\/vi\/2sGFynDrM7M\/maxresdefault.jpg#auto\" style=\"position:absolute;top:0;width:100%\" \/>\n\t<div class=\"fp-ui\"><noscript>Please enable JavaScript<\/noscript><div class=\"fp-play fp-visible\"><svg class=\"fp-play-sharp-fill\" xmlns=\"http:\/\/www.w3.org\/2000\/svg\" viewBox=\"0 0 100 100\"><defs><style>.fp-color-play{opacity:0.65;}.controlbutton{fill:#fff;}<\/style><\/defs><title>play-sharp-fill<\/title><path class=\"fp-color-play\" d=\"M49.9217-.078a50,50,0,1,0,50,50A50.0564,50.0564,0,0,0,49.9217-.078Z\"\/><polygon class=\"controlbutton\" points=\"73.601 50 37.968 70.573 37.968 29.427 73.601 50\" filter=\"url(#f1)\"\/><\/svg><\/div><div class=\"fp-preload\"><b><\/b><b><\/b><b><\/b><b><\/b><\/div><\/div>\n<div class='fvp-share-bar'><ul class=\"fvp-sharing\">\r\n    <li><a class=\"sharing-facebook\" href=\"https:\/\/www.facebook.com\/sharer\/sharer.php?u=https%3A%2F%2Frceeducacion.com.ar%2Fwordpress%2F%3Fpage_id%3D297\" target=\"_blank\"><\/a><\/li>\r\n    <li><a class=\"sharing-twitter\" href=\"https:\/\/twitter.com\/intent\/tweet?text=Radio+Cromo+educaci%C3%B3n+&url=https%3A%2F%2Frceeducacion.com.ar%2Fwordpress%2F%3Fpage_id%3D297\" target=\"_blank\"><\/a><\/li>\r\n    <li><a class=\"sharing-email\" href=\"mailto:?body=Check%20out%20the%20amazing%20video%20here%3A%20https%3A%2F%2Frceeducacion.com.ar%2Fwordpress%2F%3Fpage_id%3D297\" target=\"_blank\"><\/a><\/li><\/ul><div><a class=\"sharing-link\" href=\"https:\/\/rceeducacion.com.ar\/wordpress\/?page_id=297\" target=\"_blank\">Link<\/a><\/div><div><label><a class=\"embed-code-toggle\" href=\"#\"><strong>Embed<\/strong><\/a><\/label><\/div><div class=\"embed-code\"><label>Copy and paste this HTML code into your webpage to embed.<\/label><textarea><\/textarea><\/div><\/div>\n<\/div>\n<\/div>\n\n\n\n<div class=\"wp-block-uagb-advanced-heading uagb-block-ec476906\"><h2 class=\"uagb-heading-text\">Parte dos<\/h2><\/div>\n<\/div>\n<\/div><\/div>\n\n\n\n<div class=\"wp-block-columns is-layout-flex wp-container-core-columns-is-layout-28f84493 wp-block-columns-is-layout-flex\">\n<div class=\"wp-block-column is-layout-flow wp-block-column-is-layout-flow\" style=\"flex-basis:50%\">\n<div class=\"wp-block-uagb-container uagb-block-f90fb335 alignfull uagb-is-root-container\"><div class=\"uagb-container-inner-blocks-wrap\">\n<div class=\"wp-block-uagb-container uagb-block-787e3d75\">\n<div class=\"wp-block-fv-player-gutenberg-basic\"><div id=\"wpfp_b7e864f840893faf25a2ded99154a080\" data-item=\"{&quot;sources&quot;:[{&quot;src&quot;:&quot;https:\\\/\\\/youtu.be\\\/NeUsVNFWtlU&quot;,&quot;type&quot;:&quot;video\\\/youtube&quot;}],&quot;id&quot;:&quot;23&quot;,&quot;splash&quot;:&quot;https:\\\/\\\/i.ytimg.com\\\/vi\\\/NeUsVNFWtlU\\\/maxresdefault.jpg#auto&quot;}\" class=\"flowplayer no-brand is-splash is-paused skin-slim no-svg fp-slim fp-edgy is-youtube\" data-fv-embed=\"https:\/\/rceeducacion.com.ar\/wordpress\/?page_id=297&amp;fv_player_embed=fvp-23\" style=\"position:relative; max-width: 640px; max-height: 360px; \" data-ratio=\"0.5625\" data-player-id=\"23\" data-engine=\"fvyoutube\">\n\t<div class=\"fp-ratio\" style=\"padding-top: 56.25%\"><\/div>\n\t<img decoding=\"async\" class=\"fp-splash\" alt=\"video\" src=\"https:\/\/i.ytimg.com\/vi\/NeUsVNFWtlU\/maxresdefault.jpg#auto\" style=\"position:absolute;top:0;width:100%\" \/>\n\t<div class=\"fp-ui\"><noscript>Please enable JavaScript<\/noscript><div class=\"fp-play fp-visible\"><svg class=\"fp-play-sharp-fill\" xmlns=\"http:\/\/www.w3.org\/2000\/svg\" viewBox=\"0 0 100 100\"><defs><style>.fp-color-play{opacity:0.65;}.controlbutton{fill:#fff;}<\/style><\/defs><title>play-sharp-fill<\/title><path class=\"fp-color-play\" d=\"M49.9217-.078a50,50,0,1,0,50,50A50.0564,50.0564,0,0,0,49.9217-.078Z\"\/><polygon class=\"controlbutton\" points=\"73.601 50 37.968 70.573 37.968 29.427 73.601 50\" filter=\"url(#f1)\"\/><\/svg><\/div><div class=\"fp-preload\"><b><\/b><b><\/b><b><\/b><b><\/b><\/div><\/div>\n<div class='fvp-share-bar'><ul class=\"fvp-sharing\">\r\n    <li><a class=\"sharing-facebook\" href=\"https:\/\/www.facebook.com\/sharer\/sharer.php?u=https%3A%2F%2Frceeducacion.com.ar%2Fwordpress%2F%3Fpage_id%3D297\" target=\"_blank\"><\/a><\/li>\r\n    <li><a class=\"sharing-twitter\" href=\"https:\/\/twitter.com\/intent\/tweet?text=Radio+Cromo+educaci%C3%B3n+&url=https%3A%2F%2Frceeducacion.com.ar%2Fwordpress%2F%3Fpage_id%3D297\" target=\"_blank\"><\/a><\/li>\r\n    <li><a class=\"sharing-email\" href=\"mailto:?body=Check%20out%20the%20amazing%20video%20here%3A%20https%3A%2F%2Frceeducacion.com.ar%2Fwordpress%2F%3Fpage_id%3D297\" target=\"_blank\"><\/a><\/li><\/ul><div><a class=\"sharing-link\" href=\"https:\/\/rceeducacion.com.ar\/wordpress\/?page_id=297\" target=\"_blank\">Link<\/a><\/div><div><label><a class=\"embed-code-toggle\" href=\"#\"><strong>Embed<\/strong><\/a><\/label><\/div><div class=\"embed-code\"><label>Copy and paste this HTML code into your webpage to embed.<\/label><textarea><\/textarea><\/div><\/div>\n<\/div>\n<\/div>\n\n\n\n<div class=\"wp-block-uagb-advanced-heading uagb-block-7a4924c1\"><h2 class=\"uagb-heading-text\">Parte tres<\/h2><\/div>\n<\/div>\n<\/div><\/div>\n<\/div>\n\n\n\n<div class=\"wp-block-column is-layout-flow wp-block-column-is-layout-flow\" style=\"flex-basis:50%\"><\/div>\n<\/div>\n\n\n\n<hr class=\"wp-block-separator has-alpha-channel-opacity\"\/>\n\n\n\n<div class=\"wp-block-uagb-container uagb-block-20445892 alignfull uagb-is-root-container\"><div class=\"uagb-container-inner-blocks-wrap\">\n<div class=\"wp-block-uagb-container uagb-block-9e4fcdbb\">\n<div class=\"wp-block-uagb-image uagb-block-dc91d160 wp-block-uagb-image--layout-default wp-block-uagb-image--effect-static wp-block-uagb-image--align-none\"><figure class=\"wp-block-uagb-image__figure\"><img decoding=\"async\" srcset=\"https:\/\/rceeducacion.com.ar\/wordpress\/wp-content\/uploads\/2025\/06\/Locutor.jpg ,https:\/\/rceeducacion.com.ar\/wordpress\/wp-content\/uploads\/2025\/06\/Locutor.jpg 780w, https:\/\/rceeducacion.com.ar\/wordpress\/wp-content\/uploads\/2025\/06\/Locutor.jpg 360w\" sizes=\"auto, (max-width: 480px) 150px\" src=\"https:\/\/rceeducacion.com.ar\/wordpress\/wp-content\/uploads\/2025\/06\/Locutor.jpg\" alt=\"\" class=\"uag-image-247\" width=\"280\" height=\"204\" title=\"Locutor\" loading=\"lazy\" role=\"img\"\/><\/figure><\/div>\n<\/div>\n\n\n\n<div class=\"wp-block-columns alignfull are-vertically-aligned-top is-layout-flex wp-container-core-columns-is-layout-28f84493 wp-block-columns-is-layout-flex\">\n<div class=\"wp-block-column is-vertically-aligned-top is-layout-flow wp-block-column-is-layout-flow\" style=\"flex-basis:100%\">\n<div class=\"wp-block-uagb-advanced-heading uagb-block-c409db23\"><h2 class=\"uagb-heading-text\"><strong><strong>VOZ REAL<\/strong><\/strong><\/h2><\/div>\n\n\n\n<h5 class=\"wp-block-heading\">PARA REFLEXIONAR:&nbsp;<\/h5>\n\n\n\n<div class=\"wp-block-columns is-layout-flex wp-container-core-columns-is-layout-28f84493 wp-block-columns-is-layout-flex\">\n<div class=\"wp-block-column is-layout-flow wp-block-column-is-layout-flow\" style=\"flex-basis:100%\">\n<p>\u00bfC\u00f3mo escuchas la voz de tus pensamientos? \u00bfQu\u00e9 acento tiene? <\/p>\n\n\n\n<p>\u00bfC\u00f3mo te dec\u00eds\/llam\u00e1s a vos mismo? \u00bfTe tratas con ternura?<\/p>\n\n\n\n<p>\u00bfC\u00f3mo se hablaba en tu casa? \u00bfQu\u00e9 nivel de di\u00e1logo ten\u00edas con tus padres? \u00bfC\u00f3mo hablabas con tus herman@s?<\/p>\n\n\n\n<p>Y en la actualidad, \u00bfC\u00f3mo te hablas con tus diferentes grupos de amig@s? Y en tu trabajo? Con tu pareja?<\/p>\n\n\n\n<p><\/p>\n<\/div>\n<\/div>\n<\/div>\n<\/div>\n<\/div><\/div>\n\n\n\n<div class=\"wp-block-uagb-container uagb-block-6122c8ba alignfull uagb-is-root-container\"><div class=\"uagb-container-inner-blocks-wrap\"><\/div><\/div>\n\n\n\n<div class=\"wp-block-uagb-container uagb-block-866b3b93 alignfull uagb-is-root-container\"><div class=\"uagb-container-inner-blocks-wrap\">\n<hr class=\"wp-block-separator has-alpha-channel-opacity\"\/>\n<\/div><\/div>\n\n\n\n<p><\/p>\n","protected":false},"excerpt":{"rendered":"<p>Parte uno Parte dos Parte tres VOZ REAL PARA REFLEXIONAR:&nbsp; \u00bfC\u00f3mo escuchas la voz de tus pensamientos? \u00bfQu\u00e9 acento tiene? [&hellip;]<\/p>\n","protected":false},"author":1,"featured_media":0,"parent":0,"menu_order":0,"comment_status":"closed","ping_status":"closed","template":"admin-only-template.php","meta":{"_uag_custom_page_level_css":"","site-sidebar-layout":"default","site-content-layout":"","ast-site-content-layout":"full-width-container","site-content-style":"unboxed","site-sidebar-style":"default","ast-global-header-display":"disabled","ast-banner-title-visibility":"disabled","ast-main-header-display":"","ast-hfb-above-header-display":"","ast-hfb-below-header-display":"","ast-hfb-mobile-header-display":"","site-post-title":"","ast-breadcrumbs-content":"","ast-featured-img":"","footer-sml-layout":"disabled","theme-transparent-header-meta":"","adv-header-id-meta":"","stick-header-meta":"","header-above-stick-meta":"","header-main-stick-meta":"","header-below-stick-meta":"","astra-migrate-meta-layouts":"default","ast-page-background-enabled":"default","ast-page-background-meta":{"desktop":{"background-color":"var(--ast-global-color-5)","background-image":"","background-repeat":"repeat","background-position":"center center","background-size":"auto","background-attachment":"scroll","background-type":"","background-media":"","overlay-type":"","overlay-color":"","overlay-opacity":"","overlay-gradient":""},"tablet":{"background-color":"","background-image":"","background-repeat":"repeat","background-position":"center center","background-size":"auto","background-attachment":"scroll","background-type":"","background-media":"","overlay-type":"","overlay-color":"","overlay-opacity":"","overlay-gradient":""},"mobile":{"background-color":"","background-image":"","background-repeat":"repeat","background-position":"center center","background-size":"auto","background-attachment":"scroll","background-type":"","background-media":"","overlay-type":"","overlay-color":"","overlay-opacity":"","overlay-gradient":""}},"ast-content-background-meta":{"desktop":{"background-color":"var(--ast-global-color-4)","background-image":"","background-repeat":"repeat","background-position":"center center","background-size":"auto","background-attachment":"scroll","background-type":"","background-media":"","overlay-type":"","overlay-color":"","overlay-opacity":"","overlay-gradient":""},"tablet":{"background-color":"var(--ast-global-color-4)","background-image":"","background-repeat":"repeat","background-position":"center center","background-size":"auto","background-attachment":"scroll","background-type":"","background-media":"","overlay-type":"","overlay-color":"","overlay-opacity":"","overlay-gradient":""},"mobile":{"background-color":"var(--ast-global-color-4)","background-image":"","background-repeat":"repeat","background-position":"center center","background-size":"auto","background-attachment":"scroll","background-type":"","background-media":"","overlay-type":"","overlay-color":"","overlay-opacity":"","overlay-gradient":""}},"footnotes":""},"class_list":["post-297","page","type-page","status-publish","hentry"],"uagb_featured_image_src":{"full":false,"thumbnail":false,"medium":false,"medium_large":false,"large":false,"1536x1536":false,"2048x2048":false},"uagb_author_info":{"display_name":"admin","author_link":"https:\/\/rceeducacion.com.ar\/wordpress\/?author=1"},"uagb_comment_info":0,"uagb_excerpt":"Parte uno Parte dos Parte tres VOZ REAL PARA REFLEXIONAR:&nbsp; \u00bfC\u00f3mo escuchas la voz de tus pensamientos? \u00bfQu\u00e9 acento tiene? [&hellip;]","_links":{"self":[{"href":"https:\/\/rceeducacion.com.ar\/wordpress\/index.php?rest_route=\/wp\/v2\/pages\/297","targetHints":{"allow":["GET"]}}],"collection":[{"href":"https:\/\/rceeducacion.com.ar\/wordpress\/index.php?rest_route=\/wp\/v2\/pages"}],"about":[{"href":"https:\/\/rceeducacion.com.ar\/wordpress\/index.php?rest_route=\/wp\/v2\/types\/page"}],"author":[{"embeddable":true,"href":"https:\/\/rceeducacion.com.ar\/wordpress\/index.php?rest_route=\/wp\/v2\/users\/1"}],"replies":[{"embeddable":true,"href":"https:\/\/rceeducacion.com.ar\/wordpress\/index.php?rest_route=%2Fwp%2Fv2%2Fcomments&post=297"}],"version-history":[{"count":2,"href":"https:\/\/rceeducacion.com.ar\/wordpress\/index.php?rest_route=\/wp\/v2\/pages\/297\/revisions"}],"predecessor-version":[{"id":321,"href":"https:\/\/rceeducacion.com.ar\/wordpress\/index.php?rest_route=\/wp\/v2\/pages\/297\/revisions\/321"}],"wp:attachment":[{"href":"https:\/\/rceeducacion.com.ar\/wordpress\/index.php?rest_route=%2Fwp%2Fv2%2Fmedia&parent=297"}],"curies":[{"name":"wp","href":"https:\/\/api.w.org\/{rel}","templated":true}]}}